{"id":417,"date":"2017-01-29T14:41:18","date_gmt":"2017-01-29T12:41:18","guid":{"rendered":"http:\/\/www.abdou-ezzari.de\/?page_id=417"},"modified":"2019-01-14T17:44:14","modified_gmt":"2019-01-14T15:44:14","slug":"impressum","status":"publish","type":"page","link":"https:\/\/www.abdou-ezzari.de\/?page_id=417","title":{"rendered":"Impressum"},"content":{"rendered":"<p>mpressum<\/p>\n<div>\n<p>Impressum<br \/>\nVerantwortlich gem\u00e4\u00df \u00a7 10 Absatz 3 MDStV f\u00fcr den Inhalt dieser Webseiten:<br \/>\nSilke Nufer<br \/>\n<strong><br \/>\n<\/strong><\/p>\n<p><strong>Photos:<br \/>\n<\/strong>Header \u00a9 Katja Reerink<br \/>\nBio \u00a9 Silke Nufer<br \/>\nPhotos Barinton K\u00f6ln \u00a9 Katja Reerink<\/p>\n<p><strong>Haftung:<\/strong><br \/>\nS\u00e4mtliche Inhalte dieser Website, insbesondere Texte, Fotos, Grafiken und Layout sind urheberrechtlich gesch\u00fctzt. Das Kopieren oder die Reproduktion der gesamten Website bzw. von Teilen dieser Website sind nicht gestattet.<br \/>\nF\u00fcr etwaige Satzfehler und die Richtigkeit der Eintr\u00e4ge auf dieser Website k\u00f6nnen wir trotz gr\u00f6\u00dfter Sorgfalt keine Gew\u00e4hr \u00fcbernehmen. Die Inhalte externer Webseiten, auf die wir einen Link gerichtet haben, wurden von uns sorgf\u00e4ltig gepr\u00fcft.<br \/>\nBitte beachten Sie dazu den Haftungsausschluss.<\/p>\n<p><strong>Haftungsausschluss:<\/strong><br \/>\nMit Urteil vom 12. Mai 1998 hat das Landgericht Hamburg entschieden, da\u00df man durch die Anbringung eines Links die Inhalte der gelinkten Seite ggf. mit zu verantworten hat. Dies kann, so das LG, nur dadurch verhindert werden, dass man sich ausdr\u00fccklich von diesen Inhalten distanziert. Wir haben auf unseren Seiten Links zu anderen Seiten im Internet gelegt. F\u00fcr alle diese Links gilt:<br \/>\nWir erkl\u00e4ren ausdr\u00fccklich, dass wir keinerlei Einfluss auf die Gestaltung und die Inhalte der gelinkten Seiten haben. Deshalb distanzieren wir uns hiermit ausdr\u00fccklich von allen Inhalten aller gelinkten Seiten auf dieser Homepage und machen uns diese Inhalte nicht zu Eigen. Diese Erkl\u00e4rung gilt f\u00fcr alle auf dieser Domain angezeigten Links und f\u00fcr alle Inhalte der Seiten, zu denen die hier angebrachten Links f\u00fchren.<\/p>\n<p>&nbsp;<\/p>\n<\/div>\n","protected":false},"excerpt":{"rendered":"<p>mpressum Impressum Verantwortlich gem\u00e4\u00df \u00a7 10 Absatz 3 MDStV f\u00fcr den Inhalt dieser Webseiten: Silke Nufer Photos: Header \u00a9 Katja Reerink Bio \u00a9 Silke Nufer Photos Barinton K\u00f6ln \u00a9 Katja Reerink Haftung: S\u00e4mtliche Inhalte dieser Website, insbesondere Texte, Fotos, Grafiken &hellip; <a href=\"https:\/\/www.abdou-ezzari.de\/?page_id=417\">Weiterlesen <span class=\"meta-nav\">&rarr;<\/span><\/a><\/p>\n","protected":false},"author":1,"featured_media":0,"parent":0,"menu_order":0,"comment_status":"closed","ping_status":"closed","template":"","meta":{"footnotes":""},"_links":{"self":[{"href":"https:\/\/www.abdou-ezzari.de\/index.php?rest_route=\/wp\/v2\/pages\/417"}],"collection":[{"href":"https:\/\/www.abdou-ezzari.de\/index.php?rest_route=\/wp\/v2\/pages"}],"about":[{"href":"https:\/\/www.abdou-ezzari.de\/index.php?rest_route=\/wp\/v2\/types\/page"}],"author":[{"embeddable":true,"href":"https:\/\/www.abdou-ezzari.de\/index.php?rest_route=\/wp\/v2\/users\/1"}],"replies":[{"embeddable":true,"href":"https:\/\/www.abdou-ezzari.de\/index.php?rest_route=%2Fwp%2Fv2%2Fcomments&post=417"}],"version-history":[{"count":3,"href":"https:\/\/www.abdou-ezzari.de\/index.php?rest_route=\/wp\/v2\/pages\/417\/revisions"}],"predecessor-version":[{"id":528,"href":"https:\/\/www.abdou-ezzari.de\/index.php?rest_route=\/wp\/v2\/pages\/417\/revisions\/528"}],"wp:attachment":[{"href":"https:\/\/www.abdou-ezzari.de\/index.php?rest_route=%2Fwp%2Fv2%2Fmedia&parent=417"}],"curies":[{"name":"wp","href":"https:\/\/api.w.org\/{rel}","templated":true}]}}